{"id":11102,"date":"2022-02-17T13:43:55","date_gmt":"2022-02-17T12:43:55","guid":{"rendered":"https:\/\/wp-test.zum.de\/?page_id=11102"},"modified":"2023-03-27T21:49:31","modified_gmt":"2023-03-27T19:49:31","slug":"mitmachen","status":"publish","type":"page","link":"https:\/\/www.zum.de\/portal\/mitmachen\/","title":{"rendered":"Mitmachen"},"content":{"rendered":"<div><img decoding=\"async\" class=\"alignleft wp-image-21912\" src=\"https:\/\/www.zum.de\/portal\/wp-content\/uploads\/HeaderZUM-1-1024x488.png\" alt=\"\" width=\"95%\" srcset=\"https:\/\/www.zum.de\/portal\/wp-content\/uploads\/HeaderZUM-1-1024x488.png 1024w, https:\/\/www.zum.de\/portal\/wp-content\/uploads\/HeaderZUM-1-300x143.png 300w, https:\/\/www.zum.de\/portal\/wp-content\/uploads\/HeaderZUM-1-768x366.png 768w, https:\/\/www.zum.de\/portal\/wp-content\/uploads\/HeaderZUM-1-1536x732.png 1536w, https:\/\/www.zum.de\/portal\/wp-content\/uploads\/HeaderZUM-1-1600x762.png 1600w, https:\/\/www.zum.de\/portal\/wp-content\/uploads\/HeaderZUM-1.png 1999w\" sizes=\"(max-width: 1024px) 100vw, 1024px\" \/><\/div>\n<div>\n<table>\n<tbody>\n<tr style=\"background: #eee;\">\n<td>\n<h2 style=\"text-align: left;\">\u00a0 \u00a0 ZEIT<\/h2>\n<\/td>\n<td>\n<h2 style=\"text-align: left;\">\u00a0 \u00a0 GELD<\/h2>\n<\/td>\n<\/tr>\n<tr>\n<td valign=\"top\">\n<ul>\n<li><strong>Mitglied im Verein werden (\u2192 <a href=\"https:\/\/verein.zum.de\/\">Mitgliedsantrag<\/a>)<\/strong><br \/>\nideelle Unterst\u00fctzung,<br \/>\nEinladung zu j\u00e4hrlichen Mitgliedertreffen,<br \/>\ntatkr\u00e4ftige Mitarbeit im erweiterten Vorstand m\u00f6glich,<br \/>\nMit-Betreuung eines Bereichs der ZUM inkl. Weiterentwicklung, Kommunikation mit Nutzer*innen etc.<\/li>\n<\/ul>\n<ul>\n<li><strong>OER ver\u00f6ffentlichen in<\/strong>:<br \/>\n<a href=\"https:\/\/unterrichten.zum.de\/wiki\/Hauptseite\">ZUM-Unterrichten<\/a>,<br \/>\n<a href=\"http:\/\/grundschullernportal.zum.de\/\">Grundschullernportal<\/a>,<br \/>\n<a href=\"https:\/\/klexikon.zum.de\/\">Klexikon<\/a>,<br \/>\n<a href=\"https:\/\/deutsch-lernen.zum.de\/\">ZUM Deutsch Lernen<\/a>,<br \/>\n<a href=\"http:\/\/apps.zum.de\/\">ZUM-Apps <\/a><\/li>\n<\/ul>\n<ul>\n<li><strong>ZUM bekannt machen:<\/strong><br \/>\n<a href=\"https:\/\/twitter.com\/ZUMTeam\">Tweets<\/a> und <a href=\"https:\/\/bildung.social\/@ZUMTeam\">Tr\u00f6ts<\/a> verbreiten,<br \/>\nbei <a href=\"https:\/\/www.facebook.com\/ZUM.de\">Facebook<\/a><br \/>\noder <a href=\"https:\/\/www.instagram.com\/ZUMTeam\/\">Instagram<\/a> liken,<br \/>\nden <a href=\"https:\/\/zum.us13.list-manage.com\/subscribe?u=382dac184db477db95727d686&amp;id=48c991f18e\">Newsletter<\/a> weiterleiten<\/li>\n<\/ul>\n<\/td>\n<td>\n<ul>\n<li><strong>Einmalige Spenden<\/strong> k\u00f6nnt ihr uns via PayPal zukommen lassen: <strong><a href=\"https:\/\/www.paypal.me\/ZUMTeam\">paypal.me\/ZUMTeam<\/a>\u00a0<\/strong>(Dabei beh\u00e4lt Paypal 1,5% + 0,35 \u20ac f\u00fcr die Abwicklung ein.)<\/li>\n<\/ul>\n<ul>\n<li>Das herzerw\u00e4rmende Gef\u00fchl <strong>regelm\u00e4\u00dfiger Unterst\u00fctzung<\/strong> in selbstgew\u00e4hlter H\u00f6he k\u00f6nnt ihr bei Patreon erfahren: <strong><a href=\"https:\/\/www.patreon.com\/zumde\">patreon.com\/zumde<\/a><\/strong><\/li>\n<\/ul>\n<ul>\n<li>Eine <strong>\u00dcberweisung<\/strong> auf unser Konto: F\u00fcr eine Spendenquittung (ab 25\u20ac) trage dort bitte auch deine Adresse ein. Unsere Kontoverbindung:<br \/>\n<i>ZUM e.V.<br \/>\nIBAN: DE94 6808 0030 0406 7800 00<br \/>\nBIC: DRESDEFF680<br \/>\nCommerzbank Freiburg<\/i><br \/>\nDanke \ud83d\ude42<\/li>\n<li><a href=\"https:\/\/www.zum.de\/portal\/spenden\/\">Wof\u00fcr nutzen wir die Spenden?<\/a><br \/>\nServer &amp; technischer Support<br \/>\nj\u00e4hrliche Workshops (\u00dcbernachtung, Tagungsst\u00e4tte &amp; Fahrtkosten)<br \/>\nj\u00e4hrliches Mitgliedertreffen (\u00dcbernachtung, Tagungsst\u00e4tte &amp; Fahrtkosten)<\/li>\n<\/ul>\n<\/td>\n<\/tr>\n<\/tbody>\n<\/table>\n<\/div>\n<div><img loading=\"lazy\" decoding=\"async\" width=\"1024\" height=\"1024\" class=\"wp-image-21206 aligncenter\" src=\"https:\/\/www.zum.de\/portal\/wp-content\/uploads\/Mitgliedertreffen-1024x1024.png\" alt=\"\" srcset=\"https:\/\/www.zum.de\/portal\/wp-content\/uploads\/Mitgliedertreffen-1024x1024.png 1024w, https:\/\/www.zum.de\/portal\/wp-content\/uploads\/Mitgliedertreffen-300x300.png 300w, https:\/\/www.zum.de\/portal\/wp-content\/uploads\/Mitgliedertreffen-150x150.png 150w, https:\/\/www.zum.de\/portal\/wp-content\/uploads\/Mitgliedertreffen-768x768.png 768w, https:\/\/www.zum.de\/portal\/wp-content\/uploads\/Mitgliedertreffen-800x800.png 800w, https:\/\/www.zum.de\/portal\/wp-content\/uploads\/Mitgliedertreffen-900x900.png 900w, https:\/\/www.zum.de\/portal\/wp-content\/uploads\/Mitgliedertreffen.png 1080w\" sizes=\"auto, (max-width: 1024px) 100vw, 1024px\" \/><\/div>\n<style type=\"text\/css\">.entry-content table {border: 0px;} .entry-content tr {border: 0px;} .entry-content td {border: 0px;} .entry-content table {width: 95%;} .entry-content img {width: 95%;}<\/style>\n<div class=\"shariff shariff-align-flex-start shariff-widget-align-flex-start\" style=\"display:none\" data-url=\"https%3A%2F%2Fwww.zum.de%2Fportal%2Fmitmachen%2F\" data-timestamp=\"1679953771\" data-backendurl=\"https:\/\/www.zum.de\/portal\/wp-json\/shariff\/v1\/share_counts?\"><div class=\"ShariffHeadline\">Teilen<\/div><ul class=\"shariff-buttons theme-round orientation-horizontal buttonsize-medium\"><li class=\"shariff-button whatsapp shariff-nocustomcolor shariff-mobile\" style=\"background-color:#5cbe4a\"><a href=\"https:\/\/api.whatsapp.com\/send?text=https%3A%2F%2Fwww.zum.de%2Fportal%2Fmitmachen%2F%20Mitmachen\" title=\"Bei Whatsapp teilen\" aria-label=\"Bei Whatsapp teilen\" role=\"button\" rel=\"noopener nofollow\" class=\"shariff-link\" style=\"; background-color:#34af23; color:#fff\" target=\"_blank\"><span class=\"shariff-icon\" style=\"\"><svg width=\"32px\" height=\"20px\" xmlns=\"http:\/\/www.w3.org\/2000\/svg\" viewBox=\"0 0 32 32\"><path fill=\"#34af23\" d=\"M17.6 17.4q0.2 0 1.7 0.8t1.6 0.9q0 0.1 0 0.3 0 0.6-0.3 1.4-0.3 0.7-1.3 1.2t-1.8 0.5q-1 0-3.4-1.1-1.7-0.8-3-2.1t-2.6-3.3q-1.3-1.9-1.3-3.5v-0.1q0.1-1.6 1.3-2.8 0.4-0.4 0.9-0.4 0.1 0 0.3 0t0.3 0q0.3 0 0.5 0.1t0.3 0.5q0.1 0.4 0.6 1.6t0.4 1.3q0 0.4-0.6 1t-0.6 0.8q0 0.1 0.1 0.3 0.6 1.3 1.8 2.4 1 0.9 2.7 1.8 0.2 0.1 0.4 0.1 0.3 0 1-0.9t0.9-0.9zM14 26.9q2.3 0 4.3-0.9t3.6-2.4 2.4-3.6 0.9-4.3-0.9-4.3-2.4-3.6-3.6-2.4-4.3-0.9-4.3 0.9-3.6 2.4-2.4 3.6-0.9 4.3q0 3.6 2.1 6.6l-1.4 4.2 4.3-1.4q2.8 1.9 6.2 1.9zM14 2.2q2.7 0 5.2 1.1t4.3 2.9 2.9 4.3 1.1 5.2-1.1 5.2-2.9 4.3-4.3 2.9-5.2 1.1q-3.5 0-6.5-1.7l-7.4 2.4 2.4-7.2q-1.9-3.2-1.9-6.9 0-2.7 1.1-5.2t2.9-4.3 4.3-2.9 5.2-1.1z\"\/><\/svg><\/span><\/a><\/li><li class=\"shariff-button mailto shariff-nocustomcolor\" style=\"background-color:#a8a8a8\"><a href=\"mailto:?body=https%3A%2F%2Fwww.zum.de%2Fportal%2Fmitmachen%2F&subject=Mitmachen\" title=\"Per E-Mail versenden\" aria-label=\"Per E-Mail versenden\" role=\"button\" rel=\"noopener nofollow\" class=\"shariff-link\" style=\"; background-color:#999; color:#fff\"><span class=\"shariff-icon\" style=\"\"><svg width=\"32px\" height=\"20px\" xmlns=\"http:\/\/www.w3.org\/2000\/svg\" viewBox=\"0 0 32 32\"><path fill=\"#999\" d=\"M32 12.7v14.2q0 1.2-0.8 2t-2 0.9h-26.3q-1.2 0-2-0.9t-0.8-2v-14.2q0.8 0.9 1.8 1.6 6.5 4.4 8.9 6.1 1 0.8 1.6 1.2t1.7 0.9 2 0.4h0.1q0.9 0 2-0.4t1.7-0.9 1.6-1.2q3-2.2 8.9-6.1 1-0.7 1.8-1.6zM32 7.4q0 1.4-0.9 2.7t-2.2 2.2q-6.7 4.7-8.4 5.8-0.2 0.1-0.7 0.5t-1 0.7-0.9 0.6-1.1 0.5-0.9 0.2h-0.1q-0.4 0-0.9-0.2t-1.1-0.5-0.9-0.6-1-0.7-0.7-0.5q-1.6-1.1-4.7-3.2t-3.6-2.6q-1.1-0.7-2.1-2t-1-2.5q0-1.4 0.7-2.3t2.1-0.9h26.3q1.2 0 2 0.8t0.9 2z\"\/><\/svg><\/span><\/a><\/li><\/ul><\/div>","protected":false},"excerpt":{"rendered":"<p>\u00a0 \u00a0 ZEIT \u00a0 \u00a0 GELD Mitglied im Verein werden (\u2192 Mitgliedsantrag) ideelle Unterst\u00fctzung, Einladung zu j\u00e4hrlichen Mitgliedertreffen, tatkr\u00e4ftige Mitarbeit im erweiterten Vorstand m\u00f6glich, Mit-Betreuung eines Bereichs der ZUM inkl. [&hellip;]<\/p>\n","protected":false},"author":2,"featured_media":0,"parent":0,"menu_order":55,"comment_status":"closed","ping_status":"closed","template":"","meta":{"_acf_changed":false,"gastautor_name":"","gastautor_foto":"","gastautor_funktion":"","gastautor_beschreibung":"","gastautor_css":"","testimonial_foto":"","testimonial_funktion":"","testimonial_zitat":"","testimonial_css":"","zum_angebot_logo":"","zum_angebot_farbe":"","zum_angebot_link":"","zum_angebot_beschreibung":"","footnotes":""},"class_list":["post-11102","page","type-page","status-publish","hentry"],"acf":[],"_links":{"self":[{"href":"https:\/\/www.zum.de\/portal\/wp-json\/wp\/v2\/pages\/11102","targetHints":{"allow":["GET"]}}],"collection":[{"href":"https:\/\/www.zum.de\/portal\/wp-json\/wp\/v2\/pages"}],"about":[{"href":"https:\/\/www.zum.de\/portal\/wp-json\/wp\/v2\/types\/page"}],"author":[{"embeddable":true,"href":"https:\/\/www.zum.de\/portal\/wp-json\/wp\/v2\/users\/2"}],"replies":[{"embeddable":true,"href":"https:\/\/www.zum.de\/portal\/wp-json\/wp\/v2\/comments?post=11102"}],"version-history":[{"count":17,"href":"https:\/\/www.zum.de\/portal\/wp-json\/wp\/v2\/pages\/11102\/revisions"}],"predecessor-version":[{"id":22068,"href":"https:\/\/www.zum.de\/portal\/wp-json\/wp\/v2\/pages\/11102\/revisions\/22068"}],"wp:attachment":[{"href":"https:\/\/www.zum.de\/portal\/wp-json\/wp\/v2\/media?parent=11102"}],"curies":[{"name":"wp","href":"https:\/\/api.w.org\/{rel}","templated":true}]}}