{"id":11452,"date":"2022-04-09T16:06:27","date_gmt":"2022-04-09T14:06:27","guid":{"rendered":"https:\/\/www.zum.de\/portal\/?page_id=11452"},"modified":"2023-01-15T14:13:13","modified_gmt":"2023-01-15T13:13:13","slug":"fachportal-kunst","status":"publish","type":"page","link":"https:\/\/www.zum.de\/portal\/fachportal-kunst\/","title":{"rendered":"Fachportal Kunst"},"content":{"rendered":"<ul>\n<li style=\"list-style-type: none;\">\n<ul>\n<li><a href=\"https:\/\/unterrichten.zum.de\/wiki\/Kunst\"><img decoding=\"async\" class=\"image-left\" style=\"height: 30px; width: 88px;\" src=\"https:\/\/unterrichten.zum.de\/skins\/Flowwiki\/instance\/images\/logo.png\" alt=\"\">&nbsp; Kunst<\/a><\/li>\n<li><a href=\"http:\/\/www.kunstlinks.de\/fernsehen.htm\" target=\"_top\" rel=\"noopener\">Fernsehtipps f\u00fcr Kunstinteressierte<\/a><\/li>\n<\/ul>\n<\/li>\n<\/ul>\n<h3>Gesamtzahl aller Eintr\u00e4ge im Kunstbereich:<br \/>\n4924 (Duplikate abgerechnet)<\/h3>\n<p>1. Kunst nach Gattungen<\/p>\n<ol>\n<li><a href=\"http:\/\/kunst.zum.de\/1_1.htm\">Malerei<\/a> &nbsp;&nbsp;( 70 Eintr\u00e4ge)<\/li>\n<li><a href=\"http:\/\/kunst.zum.de\/1_1.htm#1.1.01\">Einzelne K\u00fcnstler<\/a>\n<ul>\n<li><a href=\"http:\/\/kunst.zum.de\/1_2.htm\">Grafik<\/a> &nbsp;&nbsp;(57 Eintr\u00e4ge)<\/li>\n<li><a href=\"http:\/\/kunst.zum.de\/1_3.htm\">Plastik<\/a> &nbsp;&nbsp;(79 Eintr\u00e4ge)<\/li>\n<li><a href=\"http:\/\/kunst.zum.de\/1_4.htm\">Architektur<\/a> &nbsp;&nbsp;( 220 Eintr\u00e4ge)<\/li>\n<li><a href=\"http:\/\/kunst.zum.de\/1_4.htm#1.4.01\">Einzelne Architekten<\/a>\n<ul>\n<li><a href=\"http:\/\/kunst.zum.de\/1_5.htm\">Foto\/Film\/Video<\/a> &nbsp;&nbsp;(111 Eintr\u00e4ge)<\/li>\n<li><a href=\"http:\/\/kunst.zum.de\/1_6.htm\">erweiterter Kunstbegriff<\/a> &nbsp;&nbsp;(75 Eintr\u00e4ge)<\/li>\n<li><a href=\"http:\/\/kunst.zum.de\/1_7.htm\">Neue Medien \/ Netzkunst<\/a> &nbsp;&nbsp;(175 Eintr\u00e4ge)<\/li>\n<li><a href=\"http:\/\/kunst.zum.de\/1_8.htm\">Design \/ Mode \/ Schrift<\/a> &nbsp;&nbsp;( 110 Eintr\u00e4ge)<\/li>\n<\/ul>\n<\/li>\n<li><a href=\"http:\/\/kunst.zum.de\/1_9.htm\">Graffiti, Comics<\/a> &nbsp;&nbsp;( 79 Eintr\u00e4ge)<\/li>\n<\/ul>\n<\/li>\n<li><a href=\"http:\/\/kunst.zum.de\/1_10.htm\">Verschiedenes<\/a> &nbsp;&nbsp;(50 Eintr\u00e4ge)<\/li>\n<\/ol>\n<p>2. Kunst nach Epochen<\/p>\n<ol>\n<li><a href=\"http:\/\/kunst.zum.de\/2_1.htm\">Vorgeschichte<\/a> &nbsp;&nbsp;(43 Eintr\u00e4ge)<\/li>\n<li><a href=\"http:\/\/kunst.zum.de\/2_2.htm\">Antike<\/a> &nbsp;&nbsp;(66 Eintr\u00e4ge)<\/li>\n<li><a href=\"http:\/\/kunst.zum.de\/2_3.htm\">Mittelalter<\/a> &nbsp;&nbsp;(120 Eintr\u00e4ge)<\/li>\n<li><a href=\"http:\/\/kunst.zum.de\/2_4.htm\">Renaissance<\/a> &nbsp;&nbsp;(62 Eintr\u00e4ge)<\/li>\n<li><a href=\"http:\/\/kunst.zum.de\/2_5.htm\">Barock<\/a> &nbsp;&nbsp;(39 Eintr\u00e4ge)<\/li>\n<li><a href=\"http:\/\/kunst.zum.de\/2_6.htm\">19. Jahrhundert<\/a> &nbsp;&nbsp;(110 Eintr\u00e4ge)<\/li>\n<li><a href=\"http:\/\/kunst.zum.de\/2_7.htm\">20. Jahrhundert<\/a> &nbsp;&nbsp;(156 Eintr\u00e4ge)<\/li>\n<li><a href=\"http:\/\/kunst.zum.de\/2_8.htm\">Heute<\/a> &nbsp;&nbsp;(121 Eintr\u00e4ge)<\/li>\n<li><a href=\"http:\/\/kunst.zum.de\/2_9.htm\">Au\u00dfereurop\u00e4ische Kunst<\/a> &nbsp;&nbsp;(28 Eintr\u00e4ge)<\/li>\n<li><a href=\"http:\/\/kunst.zum.de\/2_10.htm\">Kunstgeschichte allgemein<\/a> &nbsp;&nbsp;(82 Eintr\u00e4ge)<\/li>\n<\/ol>\n<p>3. K\u00fcnstler<\/p>\n<ol>\n<li><a href=\"http:\/\/kunst.zum.de\/3_1.htm\">K\u00fcnstlerlisten, -suchmaschinen<\/a> &nbsp;&nbsp;(24 Eintr\u00e4ge)<\/li>\n<li><a href=\"http:\/\/kunst.zum.de\/3_2.htm\">K\u00fcnstler der Kunstgeschichte<\/a> &nbsp;&nbsp;( 538 Eintr\u00e4ge)<\/li>\n<li><a href=\"http:\/\/kunst.zum.de\/3_3.htm\">zeitgen\u00f6ssische K\u00fcnstler<\/a> &nbsp;&nbsp;(192 Eintr\u00e4ge)<\/li>\n<li><a href=\"http:\/\/kunst.zum.de\/3_4.htm\">Online-Galerien und -K\u00fcnstler<\/a> &nbsp;&nbsp;(388 Eintr\u00e4ge)<\/li>\n<\/ol>\n<p>4. Quellen<\/p>\n<ol>\n<li><a href=\"http:\/\/kunst.zum.de\/4_1.htm\">Museen und Sammlungen<\/a> &nbsp;&nbsp;(79 Eintr\u00e4ge)<\/li>\n<li><a href=\"http:\/\/kunst.zum.de\/4_2.htm\">andere Linklisten<\/a> &nbsp;&nbsp;(62 Eintr\u00e4ge)<\/li>\n<li><a href=\"http:\/\/kunst.zum.de\/4_3.htm\">Texte, Lexika<\/a> &nbsp;&nbsp;(226 Eintr\u00e4ge)<\/li>\n<li><a href=\"http:\/\/kunst.zum.de\/4_4.htm\">Dissertationen, Abschlussarbeiten<\/a> &nbsp;&nbsp;(75 Eintr\u00e4ge)<\/li>\n<li><a href=\"http:\/\/kunst.zum.de\/4_5.htm\">CD-ROM und DVD<\/a> &nbsp;&nbsp;(53 Eintr\u00e4ge)<\/li>\n<li><a href=\"http:\/\/kunst.zum.de\/4_6.htm\">Literatur, Zeitschriften<\/a> &nbsp;&nbsp;(54 Eintr\u00e4ge)<\/li>\n<li><a href=\"http:\/\/kunst.zum.de\/4_7.htm\">B\u00fccher<\/a> &nbsp;&nbsp;(189 Eintr\u00e4ge)<\/li>\n<li><a href=\"http:\/\/kunst.zum.de\/4_8.htm\">Bilder<\/a> &nbsp;&nbsp;(142 Eintr\u00e4ge)<\/li>\n<\/ol>\n<p>5. Kunstunterricht<\/p>\n<ol>\n<li><a href=\"http:\/\/kunst.zum.de\/5_1.htm\">Grundschule<\/a> &nbsp;&nbsp;(153 Eintr\u00e4ge)<\/li>\n<li><a href=\"http:\/\/kunst.zum.de\/5_2.htm\">Sek I<\/a> &nbsp;&nbsp;(428 Eintr\u00e4ge)<\/li>\n<li><a href=\"http:\/\/kunst.zum.de\/5_3.htm\">Sek II<\/a> &nbsp;&nbsp;(133 Eintr\u00e4ge)<\/li>\n<li><a href=\"http:\/\/kunst.zum.de\/5_4.htm\">Kollegstufe<\/a> &nbsp;&nbsp;(116 Eintr\u00e4ge)<\/li>\n<li><a href=\"http:\/\/kunst.zum.de\/5_5.htm\">nach Lehrplan<\/a> &nbsp;&nbsp;(65 Eintr\u00e4ge)<\/li>\n<li><a href=\"http:\/\/kunst.zum.de\/5_6.htm\">Werkbetrachtung<\/a> &nbsp;&nbsp;(149 Eintr\u00e4ge)<\/li>\n<li><a href=\"http:\/\/kunst.zum.de\/5_7.htm\">Sch\u00fclerreferate<\/a> &nbsp;&nbsp;(119 Eintr\u00e4ge)<\/li>\n<li><a href=\"http:\/\/kunst.zum.de\/5_8.htm\">Facharbeiten<\/a> &nbsp;&nbsp;(24 Eintr\u00e4ge)<\/li>\n<li><a href=\"http:\/\/kunst.zum.de\/5_9.htm\">Museumsbesuche<\/a> &nbsp;&nbsp;(46 Eintr\u00e4ge)<\/li>\n<li><a href=\"http:\/\/kunst.zum.de\/5_10.htm\">Unterrichtsvorbereitungen<\/a> &nbsp;&nbsp;(158 Eintr\u00e4ge)<\/li>\n<li><a href=\"http:\/\/kunst.zum.de\/5_11.htm\">Computerunterst\u00fctzung<\/a> &nbsp;&nbsp;(22 Eintr\u00e4ge)<\/li>\n<li><a href=\"http:\/\/kunst.zum.de\/5_12.htm\">Beispiele: Was andere machen<\/a> &nbsp;&nbsp;(235 Eintr\u00e4ge)<\/li>\n<li><a href=\"http:\/\/kunst.zum.de\/5_13.htm\">Verschiedenes<\/a> &nbsp;&nbsp;(117 Eintr\u00e4ge)<\/li>\n<\/ol>\n<p>6. Kunstunterricht mit dem Computer<\/p>\n<ol>\n<li><a href=\"http:\/\/kunst.zum.de\/6_1.htm\">Bildbearbeitung und Zeichnen mit dem Computer<\/a> &nbsp;&nbsp;(103 Eintr\u00e4ge)<\/li>\n<li><a href=\"http:\/\/kunst.zum.de\/6_2.htm\">Typografie, Layout, DTP<\/a> &nbsp;&nbsp;(54 Eintr\u00e4ge)<\/li>\n<li><a href=\"http:\/\/kunst.zum.de\/6_3.htm\">Digitale Kamera<\/a> &nbsp;&nbsp;(37 Eintr\u00e4ge)<\/li>\n<li><a href=\"http:\/\/kunst.zum.de\/6_4.htm\">Video \/ Animation<\/a> &nbsp;&nbsp;(87 Eintr\u00e4ge)<\/li>\n<li><a href=\"http:\/\/kunst.zum.de\/6_5.htm\">3D-Konstruktion und -Animation<\/a> &nbsp;&nbsp;(52 Eintr\u00e4ge)<\/li>\n<li><a href=\"http:\/\/kunst.zum.de\/6_6.htm\">Interaktiv und multimedial<\/a> &nbsp;&nbsp;(32 Eintr\u00e4ge)<\/li>\n<li><a href=\"http:\/\/kunst.zum.de\/6_7.htm\">Internet<\/a> &nbsp;&nbsp;(103 Eintr\u00e4ge)<\/li>\n<li><a href=\"http:\/\/kunst.zum.de\/6_8.htm\">Internetrecherche<\/a> &nbsp;&nbsp;(23 Eintr\u00e4ge)<\/li>\n<li><a href=\"http:\/\/kunst.zum.de\/6_9.htm\">Beispiele: Was andere machen<\/a> &nbsp;&nbsp;(83 Eintr\u00e4ge)<\/li>\n<li><a href=\"http:\/\/kunst.zum.de\/6_10.htm\">Verschiedenes<\/a> &nbsp;&nbsp;(58 Eintr\u00e4ge)<\/li>\n<\/ol>\n<p>7. Hard- und Software<\/p>\n<ol>\n<li><a href=\"http:\/\/kunst.zum.de\/7_1.htm\">Empfehlungen f\u00fcr Soft- und Hardware<\/a> &nbsp;&nbsp;(75 Eintr\u00e4ge)<\/li>\n<li><a href=\"http:\/\/kunst.zum.de\/7_2.htm\">Bedienungshinweise, -anleitungen, -Arbeitsb\u00f6gen f\u00fcr den Unterricht<\/a> &nbsp;&nbsp;(28 Eintr\u00e4ge)<\/li>\n<li><a href=\"http:\/\/kunst.zum.de\/7_3.htm\">praktische Tips f\u00fcr die Arbeit mit Computer und Netz<\/a> &nbsp;&nbsp;(21 Eintr\u00e4ge)<\/li>\n<li><a href=\"http:\/\/kunst.zum.de\/7_4.htm\">Einrichtungsfragen<\/a> &nbsp;&nbsp;(17 Eintr\u00e4ge)<\/li>\n<li><a href=\"http:\/\/kunst.zum.de\/7_5.htm\">Eigene Seiten von Firmen, Herstellern und dem Handel<\/a> &nbsp;&nbsp;(163 Eintr\u00e4ge)<\/li>\n<\/ol>\n<p>8. Fachdidaktik<\/p>\n<ol>\n<li><a href=\"http:\/\/kunst.zum.de\/8_1.htm\">Elektronische Bilderzeugung in einer medial gepr\u00e4gten Umwelt<\/a> &nbsp;&nbsp;(74 Eintr\u00e4ge)<\/li>\n<li><a href=\"http:\/\/kunst.zum.de\/8_2.htm\">Unterrichtseinheiten und Materialien zu Netz- und Medienkunst<\/a> &nbsp;&nbsp;(49 Eintr\u00e4ge)<\/li>\n<li><a href=\"http:\/\/kunst.zum.de\/8_3.htm\">Fachdidaktische Diskussion<\/a> &nbsp;&nbsp;(140 Eintr\u00e4ge)\n<ol start=\"4\">\n<li><strong>8.4 &#8211; 8.10 Forschung:<\/strong>\n<ul>\n<li><a href=\"http:\/\/kunst.zum.de\/8_4.htm\">Geschichte der Kunstp\u00e4dagogik<\/a> &nbsp;&nbsp;(49 Eintr\u00e4ge)<\/li>\n<li><a href=\"http:\/\/kunst.zum.de\/8_5.htm\">Bildungstheoretische und hermeneutische Forschung<\/a> &nbsp;&nbsp;(106 Eintr\u00e4ge)<\/li>\n<li><a href=\"http:\/\/kunst.zum.de\/8_6.htm\">Fachdidaktische Forschung<\/a> &nbsp;&nbsp;(116 Eintr\u00e4ge)<\/li>\n<li><a href=\"http:\/\/kunst.zum.de\/8_7.htm\">Empirische Forschung<\/a> &nbsp;&nbsp;(111 Eintr\u00e4ge)<\/li>\n<li><a href=\"http:\/\/kunst.zum.de\/8_8.htm\">Forschung zur Kinderzeichnung und \u00e4sthetischem Verhalten von Heranwachsenden<\/a> &nbsp;&nbsp;(101 Eintr\u00e4ge)<\/li>\n<li><a href=\"http:\/\/kunst.zum.de\/8_9.htm\">International vergleichende Forschung, interkulturelle Forschung<\/a> &nbsp;&nbsp;(20 Eintr\u00e4ge)<\/li>\n<li><a href=\"http:\/\/kunst.zum.de\/8_10.htm\">Literatur<\/a> &nbsp;&nbsp;(27 Eintr\u00e4ge)<\/li>\n<\/ul>\n<\/li>\n<\/ol>\n<\/li>\n<\/ol>\n<p>9. Aus-, Fort- und Weiterbildung<\/p>\n<ol>\n<li><a href=\"http:\/\/kunst.zum.de\/9_1.htm\">Kunst-, Medien- und Fachhochschulen<\/a> &nbsp;&nbsp;(91 Eintr\u00e4ge)<\/li>\n<li><a href=\"http:\/\/kunst.zum.de\/9_2.htm\">Seminar<\/a> &nbsp;&nbsp;(34 Eintr\u00e4ge)<\/li>\n<li><a href=\"http:\/\/kunst.zum.de\/9_3.htm\">Fort- und Weiterbildung<\/a> &nbsp;&nbsp;(41 Eintr\u00e4ge)<\/li>\n<li><a href=\"http:\/\/kunst.zum.de\/9_4.htm\">Kunst-, Mal- und Zeichenkurse<\/a> &nbsp;&nbsp;(41 Eintr\u00e4ge)<\/li>\n<li><a href=\"http:\/\/kunst.zum.de\/9_5.htm\">Mappenvorbereitung<\/a> &nbsp;&nbsp;(102 Eintr\u00e4ge)<\/li>\n<\/ol>\n<p>10. Richtlinien<\/p>\n<ol>\n<li><a href=\"http:\/\/kunst.zum.de\/10_1.htm\">Richtlinien und Lehrpl\u00e4ne<\/a> &nbsp;&nbsp;(25 Eintr\u00e4ge)<\/li>\n<li><a href=\"http:\/\/kunst.zum.de\/10_2.htm\">Handreichungen der Bundesl\u00e4nder<\/a> &nbsp;&nbsp;(4 Eintr\u00e4ge)<\/li>\n<li><a href=\"http:\/\/kunst.zum.de\/10_3.htm\">Rechtsfragen<\/a> &nbsp;&nbsp;(18 Eintr\u00e4ge)<\/li>\n<\/ol>\n<p>11. Kontakte<\/p>\n<ol>\n<li><a href=\"http:\/\/kunst.zum.de\/11_1.htm\">Adressen aktiver KollegInnen, Fachverb\u00e4nde, Netzwerke<\/a> &nbsp;&nbsp;( 53 Eintr\u00e4ge)<\/li>\n<li><a href=\"http:\/\/kunst.zum.de\/11_2.htm\">Mailinglisten und Diskussionsforen<\/a> &nbsp;&nbsp;(30 Eintr\u00e4ge)<\/li>\n<li><a href=\"http:\/\/kunst.zum.de\/11_3.htm\">M\u00f6glichkeiten, bei Onlineprojekten (ohne Sch\u00fcler) mitzumachen<\/a> &nbsp;&nbsp;(12 Eintr\u00e4ge)<\/li>\n<li><a href=\"http:\/\/kunst.zum.de\/11_4.htm\">M\u00f6glichkeiten, bei Onlineprojekten mit Sch\u00fclern mitzumachen<\/a> &nbsp;&nbsp;(44 Eintr\u00e4ge)<\/li>\n<li><a href=\"http:\/\/kunst.zum.de\/11_5.htm\">Internationale Vorhaben<\/a> &nbsp;&nbsp;( 23 Eintr\u00e4ge)<\/li>\n<\/ol>\n<p>12. Verschiedenes<\/p>\n<ol>\n<li><a href=\"http:\/\/kunst.zum.de\/12_1.htm\">Verschiedenes und \u00dcbriges<\/a> &nbsp;&nbsp;(277 Eintr\u00e4ge)<\/li>\n<li><a href=\"http:\/\/kunst.zum.de\/12_2.htm\">Andere Unterrichtsf\u00e4cher<\/a> &nbsp;&nbsp;(37 Eintr\u00e4ge)<\/li>\n<li><a href=\"http:\/\/kunst.zum.de\/12_3.htm\">Kunsttherapie<\/a> &nbsp;&nbsp;(41 Eintr\u00e4ge)<\/li>\n<li><a href=\"http:\/\/kunst.zum.de\/12_4.htm\">Denkmalschutz<\/a> &nbsp;&nbsp;(108 Eintr\u00e4ge)<\/li>\n<\/ol>\n<h2>Mehr auf ZUM.de<\/h2>\n<ul>\n<li><a href=\"http:\/\/www.zum.de\/buch\/index.php?controller=front&amp;action=list&amp;subject=11\">Buchempfehlungen zu Bildende Kunst<\/a><\/li>\n<\/ul>\n<h2><\/h2>\n<div class=\"shariff shariff-align-flex-start shariff-widget-align-flex-start\" style=\"display:none\" data-url=\"https%3A%2F%2Fwww.zum.de%2Fportal%2Ffachportal-kunst%2F\" data-timestamp=\"1673791993\" data-backendurl=\"https:\/\/www.zum.de\/portal\/wp-json\/shariff\/v1\/share_counts?\"><div class=\"ShariffHeadline\">Teilen<\/div><ul class=\"shariff-buttons theme-round orientation-horizontal buttonsize-medium\"><li class=\"shariff-button whatsapp shariff-nocustomcolor shariff-mobile\" style=\"background-color:#5cbe4a\"><a href=\"https:\/\/api.whatsapp.com\/send?text=https%3A%2F%2Fwww.zum.de%2Fportal%2Ffachportal-kunst%2F%20Fachportal%20Kunst\" title=\"Bei Whatsapp teilen\" aria-label=\"Bei Whatsapp teilen\" role=\"button\" rel=\"noopener nofollow\" class=\"shariff-link\" style=\"; background-color:#34af23; color:#fff\" target=\"_blank\"><span class=\"shariff-icon\" style=\"\"><svg width=\"32px\" height=\"20px\" xmlns=\"http:\/\/www.w3.org\/2000\/svg\" viewBox=\"0 0 32 32\"><path fill=\"#34af23\" d=\"M17.6 17.4q0.2 0 1.7 0.8t1.6 0.9q0 0.1 0 0.3 0 0.6-0.3 1.4-0.3 0.7-1.3 1.2t-1.8 0.5q-1 0-3.4-1.1-1.7-0.8-3-2.1t-2.6-3.3q-1.3-1.9-1.3-3.5v-0.1q0.1-1.6 1.3-2.8 0.4-0.4 0.9-0.4 0.1 0 0.3 0t0.3 0q0.3 0 0.5 0.1t0.3 0.5q0.1 0.4 0.6 1.6t0.4 1.3q0 0.4-0.6 1t-0.6 0.8q0 0.1 0.1 0.3 0.6 1.3 1.8 2.4 1 0.9 2.7 1.8 0.2 0.1 0.4 0.1 0.3 0 1-0.9t0.9-0.9zM14 26.9q2.3 0 4.3-0.9t3.6-2.4 2.4-3.6 0.9-4.3-0.9-4.3-2.4-3.6-3.6-2.4-4.3-0.9-4.3 0.9-3.6 2.4-2.4 3.6-0.9 4.3q0 3.6 2.1 6.6l-1.4 4.2 4.3-1.4q2.8 1.9 6.2 1.9zM14 2.2q2.7 0 5.2 1.1t4.3 2.9 2.9 4.3 1.1 5.2-1.1 5.2-2.9 4.3-4.3 2.9-5.2 1.1q-3.5 0-6.5-1.7l-7.4 2.4 2.4-7.2q-1.9-3.2-1.9-6.9 0-2.7 1.1-5.2t2.9-4.3 4.3-2.9 5.2-1.1z\"\/><\/svg><\/span><\/a><\/li><li class=\"shariff-button mailto shariff-nocustomcolor\" style=\"background-color:#a8a8a8\"><a href=\"mailto:?body=https%3A%2F%2Fwww.zum.de%2Fportal%2Ffachportal-kunst%2F&subject=Fachportal%20Kunst\" title=\"Per E-Mail versenden\" aria-label=\"Per E-Mail versenden\" role=\"button\" rel=\"noopener nofollow\" class=\"shariff-link\" style=\"; background-color:#999; color:#fff\"><span class=\"shariff-icon\" style=\"\"><svg width=\"32px\" height=\"20px\" xmlns=\"http:\/\/www.w3.org\/2000\/svg\" viewBox=\"0 0 32 32\"><path fill=\"#999\" d=\"M32 12.7v14.2q0 1.2-0.8 2t-2 0.9h-26.3q-1.2 0-2-0.9t-0.8-2v-14.2q0.8 0.9 1.8 1.6 6.5 4.4 8.9 6.1 1 0.8 1.6 1.2t1.7 0.9 2 0.4h0.1q0.9 0 2-0.4t1.7-0.9 1.6-1.2q3-2.2 8.9-6.1 1-0.7 1.8-1.6zM32 7.4q0 1.4-0.9 2.7t-2.2 2.2q-6.7 4.7-8.4 5.8-0.2 0.1-0.7 0.5t-1 0.7-0.9 0.6-1.1 0.5-0.9 0.2h-0.1q-0.4 0-0.9-0.2t-1.1-0.5-0.9-0.6-1-0.7-0.7-0.5q-1.6-1.1-4.7-3.2t-3.6-2.6q-1.1-0.7-2.1-2t-1-2.5q0-1.4 0.7-2.3t2.1-0.9h26.3q1.2 0 2 0.8t0.9 2z\"\/><\/svg><\/span><\/a><\/li><\/ul><\/div>","protected":false},"excerpt":{"rendered":"<p>&nbsp; Kunst Fernsehtipps f\u00fcr Kunstinteressierte Gesamtzahl aller Eintr\u00e4ge im Kunstbereich: 4924 (Duplikate abgerechnet) 1. Kunst nach Gattungen Malerei &nbsp;&nbsp;( 70 Eintr\u00e4ge) Einzelne K\u00fcnstler Grafik &nbsp;&nbsp;(57 Eintr\u00e4ge) Plastik &nbsp;&nbsp;(79 Eintr\u00e4ge) Architektur [&hellip;]<\/p>\n","protected":false},"author":277,"featured_media":0,"parent":0,"menu_order":42,"comment_status":"closed","ping_status":"closed","template":"","meta":{"_acf_changed":false,"gastautor_name":"","gastautor_foto":"","gastautor_funktion":"","gastautor_beschreibung":"","gastautor_css":"","testimonial_foto":"","testimonial_funktion":"","testimonial_zitat":"","testimonial_css":"","zum_angebot_logo":"","zum_angebot_farbe":"","zum_angebot_link":"","zum_angebot_beschreibung":"","footnotes":""},"class_list":["post-11452","page","type-page","status-publish","hentry"],"acf":[],"_links":{"self":[{"href":"https:\/\/www.zum.de\/portal\/wp-json\/wp\/v2\/pages\/11452","targetHints":{"allow":["GET"]}}],"collection":[{"href":"https:\/\/www.zum.de\/portal\/wp-json\/wp\/v2\/pages"}],"about":[{"href":"https:\/\/www.zum.de\/portal\/wp-json\/wp\/v2\/types\/page"}],"author":[{"embeddable":true,"href":"https:\/\/www.zum.de\/portal\/wp-json\/wp\/v2\/users\/277"}],"replies":[{"embeddable":true,"href":"https:\/\/www.zum.de\/portal\/wp-json\/wp\/v2\/comments?post=11452"}],"version-history":[{"count":4,"href":"https:\/\/www.zum.de\/portal\/wp-json\/wp\/v2\/pages\/11452\/revisions"}],"predecessor-version":[{"id":19893,"href":"https:\/\/www.zum.de\/portal\/wp-json\/wp\/v2\/pages\/11452\/revisions\/19893"}],"wp:attachment":[{"href":"https:\/\/www.zum.de\/portal\/wp-json\/wp\/v2\/media?parent=11452"}],"curies":[{"name":"wp","href":"https:\/\/api.w.org\/{rel}","templated":true}]}}