{"id":1506,"date":"2021-07-16T21:48:53","date_gmt":"2021-07-16T19:48:53","guid":{"rendered":"https:\/\/wp-test.zum.de\/?page_id=1506"},"modified":"2024-12-10T14:05:01","modified_gmt":"2024-12-10T13:05:01","slug":"spenden","status":"publish","type":"page","link":"https:\/\/www.zum.de\/portal\/spenden\/","title":{"rendered":"Spenden"},"content":{"rendered":"\n<p><strong>WOF\u00dcR GEBEN WIR GELD AUS?<\/strong><br>Die Autoren bei der ZUM arbeiten alle ehrenamtlich. F\u00fcr die folgenden Dinge geben wir Geld aus:<\/p>\n\n\n\n<ul class=\"wp-block-list\">\n<li>Technischer Support durch <strong><a href=\"https:\/\/idea-sketch.com\">idea-sketch<\/a><\/strong>.<\/li>\n\n\n\n<li>Die (Neu-)Programmierung von diversen ZUM-Projekten. Aktuell werden ein Gro\u00dfteil der Wikis auf die neue Mediawiki-Version umgestellt. Das erfordert einiges an Anpassungsarbeit. Au\u00dferdem gibt es bald ein Update zum ZUMPad.<\/li>\n\n\n\n<li>Fahrtkosten zu Veranstaltungen (z.B. Educamps), bei denen die ZUM vertreten wird, meist durch Vorstandsmitglieder, gelegentlich auch durch andere interessierte Mitglieder.<\/li>\n\n\n\n<li>Veranstaltungen wie unser j\u00e4hrliches Mitgliedertreffen, das ZUM-Grundschultreffen oder der ZUM-Workshop zur Weiterentwicklung von ZUM-Inhalten (z.B. der Wikis) \u2013 die ZUM bezahlt Unterkunft, Verpflegung sowie Fahrtkosten.<\/li>\n\n\n\n<li>Kosten der Angebote f\u00fcr Grundsch\u00fcler auf ZUM.de. Diese sind wegen der Zielgruppe werbefrei.<\/li>\n<\/ul>\n\n\n\n<p>Im Schnitt sind das zwischen 1800 \u2013 2200 \u20ac monatlicher Ausgaben.<\/p>\n\n\n\n<p><\/p>\n\n\n\n<h2 class=\"wp-block-heading\">WIE K\u00d6NNT IHR UNS UNTERST\u00dcTZEN?<\/h2>\n\n\n\n<p>Wenn wir mehr Geld zur Verf\u00fcgung haben, k\u00f6nnen wir mehr investieren in Updates, Neuprogrammierungen, technischen Support, Veranstaltungen etc. Deshalb schalten wir Werbung (und hoffen, dass ihr sie auch gelegentlich anklickt). Unser Traum w\u00e4re es, ganz darauf verzichten zu k\u00f6nnen \u2026 irgendwann \ud83d\ude42<\/p>\n\n\n\n<h3 class=\"wp-block-heading\" id=\"spendenformular\">Spenden mit betterplace.org<\/h3>\n\n\n\n<p><\/p>\n\n\n\n<script type=\"text\/javascript\">\n  \/\/ Funktion zum sicheren Auslesen von URL-Parametern\n  function getURLParameter(name) {\n    const urlParams = new URLSearchParams(window.location.search);\n    return urlParams.get(name);\n  }\n\n  \/\/ Betterplace-Konfiguration\n  var _bp_iframe = _bp_iframe || {};\n  _bp_iframe.project_id = 146680; \/\/ REQUIRED\n  _bp_iframe.lang = 'de'; \/\/ Language of the form\n  _bp_iframe.width = 600; \/\/ Custom iframe-tag-width, integer\n  _bp_iframe.color = '0077dd'; \/\/ Button and banderole color, hex without \"#\"\n  _bp_iframe.background_color = 'ffffff'; \/\/ Background-color, hex without \"#\"\n\n  \/\/ Standardbetrag aus URL-Parameter auslesen (in Cent)\n  const amount = getURLParameter('betrag');\n\n  if (amount && !isNaN(amount)) {\n    \/\/ Wenn ein g\u00fcltiger Betrag angegeben ist, konvertiere ihn in Euro\n    _bp_iframe.default_amount = parseInt(amount);\n  } else {\n    \/\/ Fallback: Standardwert verwenden (z. B. 50 Euro)\n    _bp_iframe.default_amount = 50;\n  }\n\n  _bp_iframe.recurring_interval = 'single'; \/\/ Interval for recurring donations\n  _bp_iframe.bottom_logo = false;\n\n  \/\/ Betterplace-Skript einf\u00fcgen\n  (function() {\n    var bp = document.createElement('script'); \n    bp.type = 'text\/javascript'; \n    bp.async = true;\n    bp.src = 'https:\/\/betterplace-assets.betterplace.org\/assets\/load_donation_iframe.js';\n    var s = document.getElementsByTagName('script')[0]; \n    s.parentNode.insertBefore(bp, s);\n  })();\n<\/script>\n\n<div id=\"betterplace_donation_iframe\" style=\"text-align:center; background: transparent url('https:\/\/www.betterplace.org\/assets\/new_spinner.gif') 275px 20px no-repeat;\">\n  <strong><a href=\"https:\/\/www.betterplace.org\/de\/donate\/platform\/projects\/146680-zum-ziel-mit-zusammenarbeit-mit-spenden-mehr-erreichen-zum-e-v\">Jetzt Spenden f\u00fcr \u201eZUM Ziel mit Zusammenarbeit &#8211; mit Spenden mehr erreichen! ZUM e.V.\u201c bei unserem Partner betterplace.org<\/a><\/strong>\n<\/div>\n\n\n\n<p><\/p>\n\n\n\n<h3 class=\"wp-block-heading\">Weitere Spendenm\u00f6glichkeiten<\/h3>\n\n\n\n<ul class=\"wp-block-list\">\n<li>Einmalige Spenden k\u00f6nnt Ihr uns via <strong>PayPal<\/strong> zukommen lassen: <a href=\"https:\/\/www.paypal.com\/paypalme\/ZUMTeam\">paypal.me\/ZUMTeam<\/a> (Dabei beh\u00e4lt Paypal 1,5% + 0,35 \u20ac f\u00fcr die Abwicklung ein.)<\/li>\n\n\n\n<li>Das herzerw\u00e4rmende Gef\u00fchl regelm\u00e4\u00dfiger Unterst\u00fctzung in selbstgew\u00e4hlter H\u00f6he k\u00f6nnt Ihr bei <strong>Patreon<\/strong> erfahren: <a href=\"https:\/\/www.patreon.com\/zumde\">patreon.com\/zumde<\/a><\/li>\n\n\n\n<li>Eine \u00dcberweisung auf unser <strong>Konto<\/strong>. Sofern du eine Spendenquittung m\u00f6chtest (ab 15\u20ac), trage dort bitte auch deine Adresse ein. Unsere Kontoverbindung:<\/li>\n<\/ul>\n\n\n\n<p>ZUM e.V.<br>IBAN: DE94 6808 0030 0406 7800 00<br>BIC: DRESDEFF680<br>Commerzbank Freiburg<\/p>\n\n\n\n<p>Danke \ud83d\ude42<\/p>\n","protected":false},"excerpt":{"rendered":"<p>WOF\u00dcR GEBEN WIR GELD AUS?Die Autoren bei der ZUM arbeiten alle ehrenamtlich. F\u00fcr die folgenden Dinge geben wir Geld aus: Im Schnitt sind das zwischen 1800 \u2013 2200 \u20ac monatlicher [&hellip;]<\/p>\n","protected":false},"author":2,"featured_media":0,"parent":0,"menu_order":64,"comment_status":"closed","ping_status":"open","template":"","meta":{"_acf_changed":false,"gastautor_name":"","gastautor_foto":"","gastautor_funktion":"","gastautor_beschreibung":"","gastautor_css":"","testimonial_foto":"","testimonial_funktion":"","testimonial_zitat":"","testimonial_css":"","zum_angebot_logo":"","zum_angebot_farbe":"","zum_angebot_link":"","zum_angebot_beschreibung":"","footnotes":""},"class_list":["post-1506","page","type-page","status-publish","hentry"],"acf":[],"_links":{"self":[{"href":"https:\/\/www.zum.de\/portal\/wp-json\/wp\/v2\/pages\/1506","targetHints":{"allow":["GET"]}}],"collection":[{"href":"https:\/\/www.zum.de\/portal\/wp-json\/wp\/v2\/pages"}],"about":[{"href":"https:\/\/www.zum.de\/portal\/wp-json\/wp\/v2\/types\/page"}],"author":[{"embeddable":true,"href":"https:\/\/www.zum.de\/portal\/wp-json\/wp\/v2\/users\/2"}],"replies":[{"embeddable":true,"href":"https:\/\/www.zum.de\/portal\/wp-json\/wp\/v2\/comments?post=1506"}],"version-history":[{"count":18,"href":"https:\/\/www.zum.de\/portal\/wp-json\/wp\/v2\/pages\/1506\/revisions"}],"predecessor-version":[{"id":38149,"href":"https:\/\/www.zum.de\/portal\/wp-json\/wp\/v2\/pages\/1506\/revisions\/38149"}],"wp:attachment":[{"href":"https:\/\/www.zum.de\/portal\/wp-json\/wp\/v2\/media?parent=1506"}],"curies":[{"name":"wp","href":"https:\/\/api.w.org\/{rel}","templated":true}]}}