{"id":1510,"date":"2021-07-16T21:51:36","date_gmt":"2021-07-16T19:51:36","guid":{"rendered":"https:\/\/wp-test.zum.de\/?page_id=1510"},"modified":"2026-02-22T09:12:51","modified_gmt":"2026-02-22T08:12:51","slug":"kontakt","status":"publish","type":"page","link":"https:\/\/www.zum.de\/portal\/kontakt\/","title":{"rendered":"Kontakt"},"content":{"rendered":"\n<p><\/p>\n\n\n\n<p><strong>Zentrale f\u00fcr Unterrichtsmedien im Internet e.V. [ZUM Internet e.V.]<\/strong><\/p>\n\n\n\n<p>Sitz: Schlossweg 11, 79249 Merzhausen<\/p>\n\n\n\n<p>Postadresse: Tina Neff<br>Kirchstra\u00dfe 60a, 48249 D\u00fclmen<br>E-Mail: <a href=\"mailto:info@zum.de\" target=\"_blank\" rel=\"noreferrer noopener\">info@zum.de<\/a><\/p>\n\n\n\n<p><\/p>\n\n\n\n<p>Der Verein wurde am 11.9.1997 gegr\u00fcndet und am 24.11.1997 in das Vereinsregister beim Amtsgericht Freiburg unter der Registernummer 3070 eingetragen. Am 11.9.2022 war also unser 25. Vereinsjubil\u00e4um.<\/p>\n\n\n\n<p><\/p>\n\n\n\n<p><\/p>\n\n\n\n<p><\/p>\n\n\n\n<h2 class=\"wp-block-heading\" id=\"kontaktformular\">Kontaktformular<\/h2>\n\n\n\n<div class=\"wp-block-cwp-block-gutenberg-forms is-style-default\"><div class=\"cwp-form\" data-formtype=\"standard\" id=\"form-b1c309ef\" data-recaptchaenable=\"false\" data-sitekey=\"\"><form method=\"POST\" id=\"submit-b1c309ef-20c4-4620-887c-60a73b47e045\" data-formid=\"submit-b1c309ef-20c4-4620-887c-60a73b47e045\">\n\n<div class=\"wp-block-cwp-name cwp-name cwp-field\"><div class=\"cwp-field-set\"><label for=\"ece4f1__LS1uYW1lLWVjZTRmMS10cnVlLW5hbWUtbmFtZV9lY2U0ZjE%3D\">Name <abbr title=\"required\" aria-label=\"required\">*<\/abbr><\/label><div class=\"cwp-field-with-elements\"><input id=\"ece4f1__LS1uYW1lLWVjZTRmMS10cnVlLW5hbWUtbmFtZV9lY2U0ZjE%3D\" aria-label=\"Name\" data-cwp-field=\"true\" name=\"ece4f1__LS1uYW1lLWVjZTRmMS10cnVlLW5hbWUtbmFtZV9lY2U0ZjE%3D\" title=\"Der Name {{value}} ist ung\u00fcltig!\" data-errors=\"{&quot;mismatch&quot;:&quot;Der Name {{value}} ist ung\u00fcltig!&quot;,&quot;empty&quot;:&quot;Please fill out this field!&quot;}\" type=\"text\" data-rule=\"false\" placeholder=\"\" required\/><\/div><\/div><\/div>\n\n\n<div class=\"wp-block-cwp-email cwp-email cwp-field\"><div class=\"cwp-field-set\"><label for=\"e91697__LS1lbWFpbC1lOTE2OTctdHJ1ZS1lbWFpbC1lbWFpbF9lOTE2OTc%3D\">E-Mail <abbr title=\"required\" aria-label=\"required\">*<\/abbr><\/label><div class=\"cwp-field-with-elements\"><input id=\"e91697__LS1lbWFpbC1lOTE2OTctdHJ1ZS1lbWFpbC1lbWFpbF9lOTE2OTc%3D\" aria-label=\"E-Mail\" name=\"e91697__LS1lbWFpbC1lOTE2OTctdHJ1ZS1lbWFpbC1lbWFpbF9lOTE2OTc%3D\" type=\"email\" data-errors=\"{&quot;mismatch&quot;:&quot;Die E-Mail {{value}} ist ung\u00fcltig!&quot;,&quot;empty&quot;:&quot;Please fill out this field!&quot;}\" data-cwp-field=\"true\" data-validation=\"email\" data-parsley-type=\"email\" required placeholder=\"\"\/><\/div><\/div><\/div>\n\n\n<div class=\"wp-block-cwp-message cwp-message cwp-field is-style-default\"><div class=\"cwp-field-set\"><label for=\"e3a213__LS1tZXNzYWdlLWUzYTIxMy10cnVlLW1lc3NhZ2UtbWVzc2FnZV9lM2EyMTM%3D\">Nachricht <abbr title=\"required\" aria-label=\"required\">*<\/abbr><\/label><textarea id=\"e3a213__LS1tZXNzYWdlLWUzYTIxMy10cnVlLW1lc3NhZ2UtbWVzc2FnZV9lM2EyMTM%3D\" aria-label=\"Nachricht\" style=\"height:246px\" data-cwp-field=\"true\" minlength=\"0\" maxlength=\"1000\" name=\"e3a213__LS1tZXNzYWdlLWUzYTIxMy10cnVlLW1lc3NhZ2UtbWVzc2FnZV9lM2EyMTM%3D\" title=\"Die Nachricht {{value}} ist ung\u00fcltig!\" required data-errors=\"{&quot;mismatch&quot;:&quot;Die Nachricht {{value}} ist ung\u00fcltig!&quot;,&quot;empty&quot;:&quot;Please fill out this field!&quot;}\" data-rule=\"false\" placeholder=\"\"><\/textarea><\/div><\/div>\n\n\n<div class=\"wp-block-cwp-yes-no cwp-yes-no cwp-field is-style-inline\"><div class=\"cwp-field-set\"><label for=\"ca6a35__LS15ZXNfbm8tY2E2YTM1LXRydWUteWVzX25vLXllc19ub19jYTZhMzU%3D\">Hiermit best\u00e4tige ich, dass ich die  <a href=\"\/datenschutz\">Datenschutzhinweise<\/a>  gelesen habe. <abbr title=\"required\" aria-label=\"required\">*<\/abbr><\/label><label class=\"cwp-switch\"><input name=\"ca6a35__LS15ZXNfbm8tY2E2YTM1LXRydWUteWVzX25vLXllc19ub19jYTZhMzU%3D\" id=\"ca6a35__LS15ZXNfbm8tY2E2YTM1LXRydWUteWVzX25vLXllc19ub19jYTZhMzU%3D\" type=\"hidden\" value=\"no\" readonly\/><input name=\"ca6a35__LS15ZXNfbm8tY2E2YTM1LXRydWUteWVzX25vLXllc19ub19jYTZhMzU%3D\" required data-cwp-field=\"true\" aria-label=\"Hiermit best\u00e4tige ich, dass ich die  Datenschutzhinweise  gelesen habe.\" type=\"checkbox\"\/><span class=\"cwp-slider\"><\/span><\/label><\/div><\/div>\n\n<div style=\"display:none\"><input type=\"hidden\" name=\"gf_form_label\" value=\"Gutenberg Form - form-b1c309ef\"\/><input type=\"hidden\" name=\"gf_form_id\" value=\"form-b1c309ef\"\/><\/div><div class=\"cwp-submit justify-center\"><button name=\"submit\" value=\"submit-b1c309ef-20c4-4620-887c-60a73b47e045\" type=\"submit\" class=\"cwp-submit-btn cwp-default-submit-btn\">Absenden<\/button><\/div><\/form><div id=\"submit-b1c309ef-20c4-4620-887c-60a73b47e045\" class=\"cwp-success cwp-hidden\"><div class=\"wrapper\"><span>Vielen Dank f\u00fcr Deine Nachricht!<\/span><\/div><\/div><div data-id=\"submit-b1c309ef-20c4-4620-887c-60a73b47e045\" class=\"cwp-hidden spam\">Beim Versenden ist leider ein Fehler aufgetreten, bitte versuche es sp\u00e4ter noch einmal.<\/div><div data-id=\"submit-b1c309ef-20c4-4620-887c-60a73b47e045\" class=\"cwp-hidden error\">Beim Versenden ist leider ein Fehler aufgetreten, bitte versuche es sp\u00e4ter noch einmal.<\/div><\/div><div><style>\n\t\t\n\t\t\n\t\t\n\t\t#form-b1c309ef.cwp-form .cwp-field.cwp-number .cwp-field-set .cwp-range-set input[type=\"range\"] {\n\t\t\tborder:none !important;\n\t\t}\n\t\t\n\t\t#form-b1c309ef.cwp-form .cwp-field.is-style-button .cwp-checkbox-set input[type=\"checkbox\"] + label,\n\t\t#form-b1c309ef.cwp-form .cwp-field.is-style-button .cwp-radio-set input[type=\"radio\"] + label,\n\t\t#form-b1c309ef.cwp-form .cwp-field.is-style-button .cwp-radios-set input[type=\"radio\"] + label {\n\t\t\tcursor: pointer;\n\t\t\twidth: 100%;\n\t\t}\n\t<\/style><\/div><\/div>\n\n\n\n<p><\/p>\n<div class=\"shariff shariff-align-flex-start shariff-widget-align-flex-start\" style=\"display:none\" data-url=\"https%3A%2F%2Fwww.zum.de%2Fportal%2Fkontakt%2F\" data-timestamp=\"1771751571\" data-backendurl=\"https:\/\/www.zum.de\/portal\/wp-json\/shariff\/v1\/share_counts?\"><div class=\"ShariffHeadline\">Teilen<\/div><ul class=\"shariff-buttons theme-round orientation-horizontal buttonsize-medium\"><li class=\"shariff-button whatsapp shariff-nocustomcolor shariff-mobile\" style=\"background-color:#5cbe4a\"><a href=\"https:\/\/api.whatsapp.com\/send?text=https%3A%2F%2Fwww.zum.de%2Fportal%2Fkontakt%2F%20Kontakt\" title=\"Bei Whatsapp teilen\" aria-label=\"Bei Whatsapp teilen\" role=\"button\" rel=\"noopener nofollow\" class=\"shariff-link\" style=\"; background-color:#34af23; color:#fff\" target=\"_blank\"><span class=\"shariff-icon\" style=\"\"><svg width=\"32px\" height=\"20px\" xmlns=\"http:\/\/www.w3.org\/2000\/svg\" viewBox=\"0 0 32 32\"><path fill=\"#34af23\" d=\"M17.6 17.4q0.2 0 1.7 0.8t1.6 0.9q0 0.1 0 0.3 0 0.6-0.3 1.4-0.3 0.7-1.3 1.2t-1.8 0.5q-1 0-3.4-1.1-1.7-0.8-3-2.1t-2.6-3.3q-1.3-1.9-1.3-3.5v-0.1q0.1-1.6 1.3-2.8 0.4-0.4 0.9-0.4 0.1 0 0.3 0t0.3 0q0.3 0 0.5 0.1t0.3 0.5q0.1 0.4 0.6 1.6t0.4 1.3q0 0.4-0.6 1t-0.6 0.8q0 0.1 0.1 0.3 0.6 1.3 1.8 2.4 1 0.9 2.7 1.8 0.2 0.1 0.4 0.1 0.3 0 1-0.9t0.9-0.9zM14 26.9q2.3 0 4.3-0.9t3.6-2.4 2.4-3.6 0.9-4.3-0.9-4.3-2.4-3.6-3.6-2.4-4.3-0.9-4.3 0.9-3.6 2.4-2.4 3.6-0.9 4.3q0 3.6 2.1 6.6l-1.4 4.2 4.3-1.4q2.8 1.9 6.2 1.9zM14 2.2q2.7 0 5.2 1.1t4.3 2.9 2.9 4.3 1.1 5.2-1.1 5.2-2.9 4.3-4.3 2.9-5.2 1.1q-3.5 0-6.5-1.7l-7.4 2.4 2.4-7.2q-1.9-3.2-1.9-6.9 0-2.7 1.1-5.2t2.9-4.3 4.3-2.9 5.2-1.1z\"\/><\/svg><\/span><\/a><\/li><li class=\"shariff-button mailto shariff-nocustomcolor\" style=\"background-color:#a8a8a8\"><a href=\"mailto:?body=https%3A%2F%2Fwww.zum.de%2Fportal%2Fkontakt%2F&subject=Kontakt\" title=\"Per E-Mail versenden\" aria-label=\"Per E-Mail versenden\" role=\"button\" rel=\"noopener nofollow\" class=\"shariff-link\" style=\"; background-color:#999; color:#fff\"><span class=\"shariff-icon\" style=\"\"><svg width=\"32px\" height=\"20px\" xmlns=\"http:\/\/www.w3.org\/2000\/svg\" viewBox=\"0 0 32 32\"><path fill=\"#999\" d=\"M32 12.7v14.2q0 1.2-0.8 2t-2 0.9h-26.3q-1.2 0-2-0.9t-0.8-2v-14.2q0.8 0.9 1.8 1.6 6.5 4.4 8.9 6.1 1 0.8 1.6 1.2t1.7 0.9 2 0.4h0.1q0.9 0 2-0.4t1.7-0.9 1.6-1.2q3-2.2 8.9-6.1 1-0.7 1.8-1.6zM32 7.4q0 1.4-0.9 2.7t-2.2 2.2q-6.7 4.7-8.4 5.8-0.2 0.1-0.7 0.5t-1 0.7-0.9 0.6-1.1 0.5-0.9 0.2h-0.1q-0.4 0-0.9-0.2t-1.1-0.5-0.9-0.6-1-0.7-0.7-0.5q-1.6-1.1-4.7-3.2t-3.6-2.6q-1.1-0.7-2.1-2t-1-2.5q0-1.4 0.7-2.3t2.1-0.9h26.3q1.2 0 2 0.8t0.9 2z\"\/><\/svg><\/span><\/a><\/li><\/ul><\/div>","protected":false},"excerpt":{"rendered":"<p>Zentrale f\u00fcr Unterrichtsmedien im Internet e.V. [ZUM Internet e.V.] Sitz: Schlossweg 11, 79249 Merzhausen Postadresse: Tina NeffKirchstra\u00dfe 60a, 48249 D\u00fclmenE-Mail: info@zum.de Der Verein wurde am 11.9.1997 gegr\u00fcndet und am 24.11.1997 [&hellip;]<\/p>\n","protected":false},"author":2,"featured_media":0,"parent":0,"menu_order":62,"comment_status":"closed","ping_status":"open","template":"","meta":{"_acf_changed":false,"gastautor_name":"","gastautor_foto":"","gastautor_funktion":"","gastautor_beschreibung":"","gastautor_css":"","testimonial_foto":"","testimonial_funktion":"","testimonial_zitat":"","testimonial_css":"","zum_angebot_logo":"","zum_angebot_farbe":"","zum_angebot_link":"","zum_angebot_beschreibung":"","footnotes":""},"class_list":["post-1510","page","type-page","status-publish","hentry"],"acf":[],"_links":{"self":[{"href":"https:\/\/www.zum.de\/portal\/wp-json\/wp\/v2\/pages\/1510","targetHints":{"allow":["GET"]}}],"collection":[{"href":"https:\/\/www.zum.de\/portal\/wp-json\/wp\/v2\/pages"}],"about":[{"href":"https:\/\/www.zum.de\/portal\/wp-json\/wp\/v2\/types\/page"}],"author":[{"embeddable":true,"href":"https:\/\/www.zum.de\/portal\/wp-json\/wp\/v2\/users\/2"}],"replies":[{"embeddable":true,"href":"https:\/\/www.zum.de\/portal\/wp-json\/wp\/v2\/comments?post=1510"}],"version-history":[{"count":19,"href":"https:\/\/www.zum.de\/portal\/wp-json\/wp\/v2\/pages\/1510\/revisions"}],"predecessor-version":[{"id":51311,"href":"https:\/\/www.zum.de\/portal\/wp-json\/wp\/v2\/pages\/1510\/revisions\/51311"}],"wp:attachment":[{"href":"https:\/\/www.zum.de\/portal\/wp-json\/wp\/v2\/media?parent=1510"}],"curies":[{"name":"wp","href":"https:\/\/api.w.org\/{rel}","templated":true}]}}