{"id":1693,"date":"2021-10-15T22:45:44","date_gmt":"2021-10-15T20:45:44","guid":{"rendered":"https:\/\/wp-test.zum.de\/?page_id=1693"},"modified":"2022-02-15T12:32:38","modified_gmt":"2022-02-15T11:32:38","slug":"angebote","status":"publish","type":"page","link":"https:\/\/www.zum.de\/portal\/angebote\/","title":{"rendered":"Angebote"},"content":{"rendered":"\n<p>Die ZUM ist durch ihre vielf\u00e4ltigen Angebote eine feste Gr\u00f6\u00dfe in der deutschen Bildungslandschaft. \u00dcber die Jahre hat sich die ZUM von der reinen Downloadplattform zur Mitmachplattform gewandelt. Viele unserer Angebote k\u00f6nnen direkt im Unterricht genutzt werden.<\/p>\n\n\n\n<p><\/p>\n\n\n\n<p><\/p>\n\n\n\n<p><\/p>\n","protected":false},"excerpt":{"rendered":"<p>Die ZUM ist durch ihre vielf\u00e4ltigen Angebote eine feste Gr\u00f6\u00dfe in der deutschen Bildungslandschaft. \u00dcber die Jahre hat sich die ZUM von der reinen Downloadplattform zur Mitmachplattform gewandelt. Viele unserer [&hellip;]<\/p>\n","protected":false},"author":2,"featured_media":0,"parent":0,"menu_order":58,"comment_status":"closed","ping_status":"closed","template":"","meta":{"_acf_changed":false,"gastautor_name":"","gastautor_foto":"","gastautor_funktion":"","gastautor_beschreibung":"","gastautor_css":"","testimonial_foto":"","testimonial_funktion":"","testimonial_zitat":"","testimonial_css":"","zum_angebot_logo":"","zum_angebot_farbe":"","zum_angebot_link":"","zum_angebot_beschreibung":"","footnotes":""},"class_list":["post-1693","page","type-page","status-publish","hentry"],"acf":[],"_links":{"self":[{"href":"https:\/\/www.zum.de\/portal\/wp-json\/wp\/v2\/pages\/1693","targetHints":{"allow":["GET"]}}],"collection":[{"href":"https:\/\/www.zum.de\/portal\/wp-json\/wp\/v2\/pages"}],"about":[{"href":"https:\/\/www.zum.de\/portal\/wp-json\/wp\/v2\/types\/page"}],"author":[{"embeddable":true,"href":"https:\/\/www.zum.de\/portal\/wp-json\/wp\/v2\/users\/2"}],"replies":[{"embeddable":true,"href":"https:\/\/www.zum.de\/portal\/wp-json\/wp\/v2\/comments?post=1693"}],"version-history":[{"count":5,"href":"https:\/\/www.zum.de\/portal\/wp-json\/wp\/v2\/pages\/1693\/revisions"}],"predecessor-version":[{"id":11074,"href":"https:\/\/www.zum.de\/portal\/wp-json\/wp\/v2\/pages\/1693\/revisions\/11074"}],"wp:attachment":[{"href":"https:\/\/www.zum.de\/portal\/wp-json\/wp\/v2\/media?parent=1693"}],"curies":[{"name":"wp","href":"https:\/\/api.w.org\/{rel}","templated":true}]}}